{"id":3,"date":"2024-02-19T08:44:45","date_gmt":"2024-02-19T08:44:45","guid":{"rendered":"https:\/\/www.nildakaroglu.com\/?page_id=3"},"modified":"2024-10-18T14:41:19","modified_gmt":"2024-10-18T11:41:19","slug":"gizlilik-politikamiz","status":"publish","type":"page","link":"https:\/\/www.nildakaroglu.com\/en\/gizlilik-politikamiz\/","title":{"rendered":"Gizlilik Politikam\u0131z"},"content":{"rendered":"<p>Nildakaroglu.com olarak ki\u015fisel gizlilik haklar\u0131n\u0131za sayg\u0131 duyuyor ve bunu sa\u011flamak i\u00e7in \u00e7aba sarf ediyoruz. Ki\u015fisel bilgilerinizin g\u00fcvenli\u011fi ile ilgili a\u00e7\u0131klamalar a\u015fa\u011f\u0131da a\u00e7\u0131klanm\u0131\u015f ve bilginize sunulmu\u015ftur.<\/p>\n\n\n\n<p><strong>1-Kapsam<\/strong><\/p>\n\n\n\n<p><a href=\"https:\/\/www.nildakaroglu.com\/en\/\">nildakaroglu.com<\/a> web adresi (k\u0131saca \u2018nildakaroglu.com\u2019 olarak an\u0131lacakt\u0131r), sizlerin (k\u0131saca \u2018Dan\u0131\u015fan\u2019 olarak an\u0131lacakt\u0131r) yard\u0131ma ihtiya\u00e7 duydu\u011funuz alanlardaki Klinik ve Uzman Psikologlara (k\u0131saca \u2018Dan\u0131\u015fman\u2019 olarak an\u0131lacakt\u0131r) kolayca ula\u015fman\u0131za yard\u0131mc\u0131 olmay\u0131 hedeflemektedir.<\/p>\n\n\n\n<p>Hizmetlerimizi kullanmakla, bu Gizlilik Politikas\u0131n\u0131n h\u00fck\u00fcm ve \u015fartlar\u0131n\u0131 kabul etmektesiniz. \u0130\u015f bu hizmet ko\u015fullar\u0131 siteye eri\u015fiminiz ve hizmetleri kullan\u0131m\u0131n\u0131zla ilgili ko\u015fullar\u0131, ki\u015fisel bilgilerinizin nas\u0131l kullan\u0131ld\u0131\u011f\u0131n\u0131 ve ne \u015fekilde korundu\u011funu g\u00f6stermektedir. L\u00fctfen siteyi kullanmadan \u00f6nce dikkatlice okuyunuz. Gizlilik s\u00f6zle\u015fmesinde de\u011fi\u015fiklik yap\u0131lmas\u0131 halinde de\u011fi\u015fiklikten sonra hizmetleri kullanmaya devam etti\u011finizde, yeni ko\u015fullar\u0131 kabul etmi\u015f say\u0131l\u0131rs\u0131n\u0131z.<\/p>\n\n\n\n<p><strong>2-Hizmet<\/strong><\/p>\n\n\n\n<p>Site \u00fczerinden verilen hizmetlere ula\u015fmak veya kullanmak i\u00e7in baz\u0131 ki\u015fisel bilgilerinizi vermeniz istenebilir. Verdi\u011finiz bilgilerin do\u011frulu\u011funu ve Nildakaroglu.com ile ileti\u015fimde bulunmak i\u00e7in sa\u011flad\u0131\u011f\u0131n\u0131z ileti\u015fim kanallar\u0131n\u0131n g\u00fcvenli\u011fini sa\u011flamak Dan\u0131\u015fan\u0131n sorumlulu\u011fundad\u0131r.&nbsp;Vermi\u015f oldu\u011funuz bilgiler gizlilik ve mesafeli sat\u0131\u015f s\u00f6zle\u015fmesinde belirtilen kurallar ve ama\u00e7lar d\u0131\u015f\u0131nda herhangi bir kapsamda kullan\u0131lmayacak ve \u00fc\u00e7\u00fcnc\u00fc \u015fah\u0131s ve kurumlarla payla\u015f\u0131lmayacakt\u0131r.<\/p>\n\n\n\n<p>Dan\u0131\u015fan, yay\u0131nlad\u0131\u011f\u0131, g\u00f6sterdi\u011fi, g\u00f6nderdi\u011fi veya y\u00fckledi\u011fi t\u00fcm bilgi, video, foto\u011fraf, mesaj ve materyaller (i\u00e7erik), e-mailler veya hizmeti kullanarak payla\u015fabilece\u011fi t\u00fcm di\u011fer i\u00e7eriklerle ilgili tek ve do\u011frudan sorumludur. \u0130\u015f bu gizlilik politikas\u0131n\u0131 onaylayarak, Nildakaroglu.com vas\u0131tas\u0131 ile hukuka ayk\u0131r\u0131, tehdit i\u00e7eren, talep edilmemi\u015f bilgi g\u00f6ndermeyece\u011finizi, i\u00e7erik g\u00f6stermeyece\u011finizi, e-mail veya herhangi bir yolla listelenenleri iletmeyece\u011finizi kabul etmi\u015f olursunuz.<\/p>\n\n\n\n<p>Video g\u00f6r\u00fc\u015fmeleri Skype, Zoom ya da Google uygulamalar\u0131 \u00fczerinden yap\u0131lacakt\u0131r. Her iki uygulaman\u0131n da kendi g\u00fcvenlik ve gizlilik protokolleri mevcut olup, bunlara a\u015fa\u011f\u0131daki linklerden ula\u015fabilirsiniz;<br>Skype: <a href=\"https:\/\/www.skype.com\/tr\/security\/%20\" target=\"_blank\" rel=\"noopener\">https:\/\/www.skype.com\/tr\/security\/<br><\/a>Zoom: <a href=\"https:\/\/www.skype.com\/tr\/security\/\" target=\"_blank\" rel=\"noreferrer noopener\">https:\/\/www.zoom.com\/tr\/trust\/privacy\/<br><\/a>Google:&nbsp;<a href=\"https:\/\/support.google.com\/chat\/answer\/10364937?hl=tr\" target=\"_blank\" rel=\"noopener\">https:\/\/support.google.com\/chat\/answer\/10364937?hl=tr<\/a><\/p>\n\n\n\n<p><strong>3-Fikri M\u00fclkiyet Haklar\u0131<\/strong><\/p>\n\n\n\n<p>Hizmet i\u00e7eri\u011finin tamam\u0131 telif hakk\u0131, patent, marka tescili ve fikri m\u00fclkiyet haklar\u0131na tabi yasalar do\u011frultusunda korunmaktad\u0131r. \u0130\u015f bu gizlilik politikas\u0131n\u0131 kabul ederek, Nildakaroglu.com taraf\u0131ndan aksi ifade edilmedik\u00e7e sitedeki hizmetlerin ve i\u00e7eri\u011fin bir k\u0131sm\u0131n\u0131 veya tamam\u0131n\u0131, de\u011fi\u015ftirmeyece\u011finizi, kopyalamayaca\u011f\u0131n\u0131z\u0131, kiralamayaca\u011f\u0131n\u0131z\u0131 ve satmayaca\u011f\u0131n\u0131z\u0131 kabul etmi\u015f olursunuz. Servisi kullanmaya uygun oldu\u011funuz durumlarda, sadece s\u0131n\u0131rl\u0131 bir yetki ile ticari olmayan ama\u00e7lar do\u011frultusunda hizmetlere eri\u015fiminiz sa\u011flan\u0131r. Hi\u00e7bir veri madencili\u011fi, veri yakalama, benzeri veri toplama veya ay\u0131klama metotlar\u0131 kesinlikle yasakt\u0131r. Sitenin veya i\u00e7eri\u011finin izin verilen kullan\u0131m amac\u0131 d\u0131\u015f\u0131nda de\u011ferlendirilmesi kesin olarak yasakt\u0131r.<\/p>\n\n\n\n<p><strong>4-\u00dc\u00e7\u00fcnc\u00fc Parti \u0130\u00e7erikler ve D\u0131\u015f Ba\u011flant\u0131lar<\/strong><\/p>\n\n\n\n<p>Nildakaroglu.com, web sitesi dahilinde ba\u015fka sitelere link verebilir. Nildakaroglu.com bu linkler vas\u0131tas\u0131yla eri\u015filen sitelerin gizlilik uygulamalar\u0131 ve i\u00e7eriklerine y\u00f6nelik herhangi bir sorumluluk ta\u015f\u0131mamaktad\u0131r. Bu web sitesinden link ile gidilecek di\u011fer web sitelerindeki kullan\u0131mlarda, ilgili sitelere ait gizlilik s\u00f6zle\u015fmesi ve \u00fcyelik s\u00f6zle\u015fmesi ge\u00e7erlidir.<\/p>\n\n\n\n<p>Nildakaroglu.com \u00fc\u00e7\u00fcnc\u00fc partiler veya dan\u0131\u015fanlar taraf\u0131ndan yay\u0131nlanan hi\u00e7bir i\u00e7erikten sorumlu de\u011fildir. Ziyaret\u00e7iler bu i\u00e7eri\u011fin uygunlu\u011fu ve kullan\u0131labilirli\u011fini kendileri de\u011ferlendirmelidirler. Nildakaroglu.com payla\u015f\u0131lan hi\u00e7bir i\u00e7erik \u00fczerinde tarama yapmaz fakat Nildakaroglu.com ve yetkilendirilen ortaklar\u0131n\u0131n kullan\u0131m ko\u015fullar\u0131na ayk\u0131r\u0131 olan i\u00e7eri\u011fi reddetme veya kald\u0131rma hakk\u0131 sakl\u0131d\u0131r.<\/p>\n\n\n\n<p><strong>5-Ziyaret\u00e7iler Taraf\u0131ndan Yay\u0131nlanan \u0130\u00e7erikler<\/strong><\/p>\n\n\n\n<p>Ziyaret\u00e7iler (dan\u0131\u015fan veya sadece site ziyaret\u00e7isi) site vas\u0131tas\u0131yla yay\u0131nlad\u0131klar\u0131 i\u00e7erik veya materyallerden do\u011frudan sorumludurlar. Ziyaret\u00e7iler kendi yaratmad\u0131klar\u0131 veya sahip olmad\u0131klar\u0131 hi\u00e7bir i\u00e7eri\u011fi payla\u015fmamal\u0131d\u0131rlar.&nbsp;<a href=\"https:\/\/www.nildakaroglu.com\/en\/\">nildakaroglu.com<\/a> \u00fczerinde i\u00e7erik payla\u015farak payla\u015f\u0131lan i\u00e7eri\u011fin \u015fuan mevcut veya gelecekte geli\u015ftirilecek site operasyonlar\u0131, reklam yada pazarlama faaliyetlerinde t\u00fcm \u015fekil ve ama\u00e7larda kullan\u0131lmas\u0131na izin verir. Nildakaroglu.com sizlerin her t\u00fcrl\u00fc yorumunuza ve \u00f6nerinize a\u00e7\u0131kt\u0131r, ancak Nildakaroglu.com ziyaret\u00e7ilerinin yapt\u0131klar\u0131 t\u00fcm \u00f6neri ve yorumlar\u0131n \u00fczerinde s\u0131n\u0131rs\u0131z \u00f6zel ve ticari hakk\u0131n\u0131 sakl\u0131 tutar. Yorumu veya \u00f6neriyi yapan ziyaret\u00e7iyi bilgilendirme veya \u00f6deme mecburiyeti olmadan bunlar\u0131 ticari ama\u00e7lar i\u00e7in kullanabilir.<\/p>\n\n\n\n<p><strong>6-Ki\u015fisel Bilgilerinizin Toplanmas\u0131<\/strong><\/p>\n\n\n\n<p><a href=\"https:\/\/www.nildakaroglu.com\/en\/\">nildakaroglu.com<\/a>&nbsp;sitesini herhangi bir ki\u015fisel bilgi vermeksizin ziyaret edebilirsiniz. Ki\u015fisel bilgilerinizi payla\u015fmay\u0131 se\u00e7er iseniz, Nildakaroglu.com i\u00e7in anonim bir kullan\u0131c\u0131 olmaktan \u00e7\u0131kars\u0131n\u0131z. <strong><u>KVKK ve Gizlilik Politikas\u0131n\u0131<\/u> kabul<\/strong> ederek ki\u015fisel bilgilerinizi, Nildakaroglu.com ile payla\u015fmaya onay vermeniz halinde, saklanmas\u0131na onay vermi\u015f olursunuz. Nildakaroglu.com a\u015fa\u011f\u0131daki belirtilen ki\u015fisel bilgilerinizi toplayabilece\u011fini ve g\u00fcvenli bi\u00e7imde saklayabilece\u011fini kabul etmektesiniz;<\/p>\n\n\n\n<p>\u2013 Elektronik posta adresi, adres\/ileti\u015fim bilgileri.<\/p>\n\n\n\n<p>\u2013 Sitedeki faaliyetlerinize istinaden, ger\u00e7ekle\u015fen i\u015flemlere ili\u015fkin bilgiler (randevu talebi, yorumlar, sizin kullan\u0131c\u0131 hesab\u0131n\u0131za ba\u011fl\u0131 olan t\u00fcm yorum ve i\u00e7erikler gibi);<\/p>\n\n\n\n<p>\u2013 Site \u00fczerinden yap\u0131lan yaz\u0131\u015fmalar, geri bildirimler ve g\u00f6nderilen mesajlar,<\/p>\n\n\n\n<p>\u2013 Bilgisayar\/donan\u0131m ve ba\u011flant\u0131 bilgileri, sayfa g\u00f6r\u00fcnt\u00fcleme istatistikleri, sayfaya gelen ve gidilen trafik bilgileri, ad data\/reklam yay\u0131nlar\u0131 ile ilgili veriler, IP adresleri ve standart web log bilgisi\/standart web g\u00fcnl\u00fc\u011f\u00fc bilgileri dahil, siteyi ziyaret etmenizden, hizmetleri kullanman\u0131zdan, i\u00e7erik ve reklamlar\u0131m\u0131z ile etkile\u015fiminizden do\u011fan di\u011fer bilgiler;<\/p>\n\n\n\n<p>\u2013 Demografik ve navigasyon verileri gibi di\u011fer \u015firketlerden al\u0131nan bilgiler;<\/p>\n\n\n\n<p>\u2013 \u00dc\u00e7\u00fcnc\u00fc ki\u015filerden sa\u011flanan ek bilgiler<\/p>\n\n\n\n<p><strong>7-Sorumlulu\u011fun S\u0131n\u0131rland\u0131r\u0131lmas\u0131&nbsp;<\/strong><\/p>\n\n\n\n<p>Bu gizlilik s\u00f6zle\u015fmesiyle Nildakaroglu.com\u2019u; do\u011frudan, dolayl\u0131, genel veya \u00f6zel, ba\u015fka durumlar\u0131n sonucu olarak geli\u015febilecek olan kay\u0131plar\u0131n\u0131zdan sorumlu olmad\u0131\u011f\u0131n\u0131 kabul etmi\u015f olursunuz. A\u015fa\u011f\u0131daki durumlar da d\u00e2hil olmak \u00fczere Nildakaroglu.com maddi veya manevi kay\u0131plar\u0131n\u0131zdan sorumlu de\u011fildir;<\/p>\n\n\n\n<ul class=\"wp-block-list\">\n<li>Hizmeti kullan\u0131p, kullanamaman\u0131zdan kaynakl\u0131 kay\u0131plar\u0131n\u0131z.<\/li>\n\n\n\n<li>Bilgilerinize veya hesab\u0131n\u0131za yetkisiz eri\u015fim sonucunda ortaya \u00e7\u0131kan durumlar.<\/li>\n\n\n\n<li>Hizmetle ilgili di\u011fer her t\u00fcrl\u00fc durum<\/li>\n<\/ul>\n\n\n\n<p><strong>8- \u00c7erez Politikas\u0131<\/strong><\/p>\n\n\n\n<p>Bu sitede kullan\u0131ma ili\u015fkin bilgi toplamak i\u00e7in \u00e7erez kullan\u0131lmaktad\u0131r. Buradaki amac\u0131m\u0131z; web sitemizi ziyaret eden kullan\u0131c\u0131ya kolayl\u0131k sa\u011flamakt\u0131r<\/p>\n\n\n\n<p>\u00c7erezler, bir web sitesini ziyaret etti\u011finizde bilgisayar\u0131n\u0131za g\u00f6nderilen ve bir dizi karakter i\u00e7eren k\u00fc\u00e7\u00fck dosyalard\u0131r. \u00c7erezler bir web sitesinin daha kullan\u0131c\u0131 dostu deneyim sunmas\u0131n\u0131 ama\u00e7lar. Ki\u015fisel ihtiya\u00e7lar\u0131n\u0131za daha uygun ve h\u0131zl\u0131 bir ziyaret deneyimi ya\u015fatmak i\u00e7in ki\u015fiselle\u015ftirilmi\u015f web sayfalar\u0131 sunulabilmesine olanak vermektedir. \u00c7erezler bilgisayar\u0131n\u0131zda veya dosyalar\u0131n\u0131zda depolanan ki\u015fisel verileriniz de dahil herhangi bir bilgi toplamamaktad\u0131r.<\/p>\n\n\n\n<p>Ge\u00e7erlilik s\u00fcrelerine g\u00f6re Kal\u0131c\u0131 \u00c7erez ve Ge\u00e7ici \u00c7erez olarak iki \u00e7erez tipi bulunmaktad\u0131r. Ge\u00e7ici \u00e7erezler internet sitesini ziyaret etti\u011finiz esnada olu\u015fturulur ve sadece taray\u0131c\u0131n\u0131z\u0131 kapat\u0131ncaya kadar ge\u00e7erlidirler. Kal\u0131c\u0131 \u00e7erezler ise internet sitesini ziyaret etti\u011finizde olu\u015fturulur ve siz silinceye veya s\u00fcreleri doluncaya kadar kal\u0131rlar. Ayarlar\u0131n\u0131z ile uyumlu ki\u015fiselle\u015ftirilmi\u015f bir deneyim sunma gibi i\u015flemler yapmak i\u00e7in kal\u0131c\u0131 \u00e7erezler kullan\u0131l\u0131rlar.<\/p>\n\n\n\n<p>Hemen hemen t\u00fcm internet taray\u0131c\u0131lar\u0131, \u00e7erezleri otomatik olarak kabul edecek \u015fekilde \u00f6n tan\u0131ml\u0131d\u0131r. Ancak \u00e7erezleri diledi\u011finiz gibi kontrol edebilir veya silebilirsiniz. \u00c7erezleri y\u00f6netmek taray\u0131c\u0131dan taray\u0131c\u0131ya farkl\u0131l\u0131k g\u00f6sterdi\u011finden ayr\u0131nt\u0131l\u0131 bilgi almak i\u00e7in taray\u0131c\u0131n\u0131n yard\u0131m men\u00fcs\u00fcne bak\u0131labilirsiniz.<\/p>\n\n\n\n<p><strong>\u00c7erezleri nas\u0131l kontrol edebilirsiniz?<\/strong><\/p>\n\n\n\n<p>\u00c7erezleri diledi\u011finiz gibi kontrol edebilir veya silebilirsiniz.<\/p>\n\n\n\n<p><strong>Internet gezginindeki \u00e7erezleri nas\u0131l y\u00f6netebilirsiniz?<\/strong><\/p>\n\n\n\n<p>\u00c7o\u011fu Internet gezgini a\u015fa\u011f\u0131dakileri yapman\u0131za olanak tan\u0131r:<\/p>\n\n\n\n<p>Kaydedilmi\u015f \u00e7erezleri g\u00f6r\u00fcnt\u00fcleme ve dilediklerinizi silme<\/p>\n\n\n\n<p>\u00dc\u00e7\u00fcnc\u00fc taraf \u00e7erezleri engelleme<\/p>\n\n\n\n<p>Belli sitelerden \u00e7erezleri engelleme<\/p>\n\n\n\n<p>T\u00fcm \u00e7erezleri engelleme<\/p>\n\n\n\n<p>Internet gezginini kapatt\u0131\u011f\u0131n\u0131zda t\u00fcm \u00e7erezleri silme<\/p>\n\n\n\n<p>\u00c7erezleri silmeyi tercih ederseniz ilgili web sitesindeki tercihleriniz silinecektir. Ayr\u0131ca, \u00e7erezleri tamamen engellemeyi tercih ederseniz Nildakaroglu.com\u2019ye ait web sitesi d\u00fczg\u00fcn \u00e7al\u0131\u015fmayabilir. \u200b<\/p>\n\n\n\n<p>\u00c7erezlerin silinmesi veya engellenmesi ile ilgili ayr\u0131nt\u0131lar ve \u00e7erezlerle ilgili genel bilgi i\u00e7in&nbsp;<a href=\"http:\/\/www.allaboutcookies.org\/\" target=\"_blank\" rel=\"noreferrer noopener\">www.allaboutcookies.org<\/a>&nbsp;adresinden bilgi alabilirsiniz.<\/p>\n\n\n\n<p><strong>Genel<\/strong><\/p>\n\n\n\n<p>Gizlilik Politikas\u0131nda yer alan ko\u015fullar\u0131 her zaman de\u011fi\u015ftirilebiliriz.<\/p>\n\n\n\n<p>Her \u00fcye, dan\u0131\u015fan ve ziyaret\u00e7i i\u015fbu hizmeti kullanarak veya web sitesini ziyaret ederek, i\u015fbu gizlilik politikas\u0131 h\u00fck\u00fcm ve \u015fartlar\u0131n\u0131 kabul etmi\u015f say\u0131lacakt\u0131r.<\/p>\n\n\n\n<p>Sitenin gizlilik politikas\u0131 ya da g\u00fcvenli\u011finiz konusunda di\u011fer t\u00fcm sorular\u0131n\u0131z i\u00e7in a\u015fa\u011f\u0131daki adreslerden ileti\u015fime ge\u00e7ebilirsiniz. Size en k\u0131sa zamanda d\u00f6n\u00fc\u015f yap\u0131lacakt\u0131r. <a href=\"mailto:info@nildakaroglu.com\">info@nildakaroglu.com<\/a><\/p>","protected":false},"excerpt":{"rendered":"<p>Nildakaroglu.com olarak ki\u015fisel gizlilik haklar\u0131n\u0131za sayg\u0131 duyuyor ve bunu sa\u011flamak i\u00e7in \u00e7aba sarf ediyoruz. Ki\u015fisel bilgilerinizin g\u00fcvenli\u011fi ile ilgili a\u00e7\u0131klamalar a\u015fa\u011f\u0131da a\u00e7\u0131klanm\u0131\u015f ve bilginize sunulmu\u015ftur. 1-Kapsam nildakaroglu.com web adresi (k\u0131saca \u2018nildakaroglu.com\u2019 olarak an\u0131lacakt\u0131r), sizlerin (k\u0131saca \u2018Dan\u0131\u015fan\u2019 olarak an\u0131lacakt\u0131r) yard\u0131ma ihtiya\u00e7 duydu\u011funuz alanlardaki Klinik ve Uzman Psikologlara (k\u0131saca \u2018Dan\u0131\u015fman\u2019 olarak an\u0131lacakt\u0131r) kolayca ula\u015fman\u0131za yard\u0131mc\u0131 olmay\u0131 hedeflemektedir. [&hellip;]<\/p>","protected":false},"author":1,"featured_media":0,"parent":0,"menu_order":0,"comment_status":"closed","ping_status":"closed","template":"","meta":{"footnotes":""},"class_list":["post-3","page","type-page","status-publish","hentry"],"_links":{"self":[{"href":"https:\/\/www.nildakaroglu.com\/en\/wp-json\/wp\/v2\/pages\/3","targetHints":{"allow":["GET"]}}],"collection":[{"href":"https:\/\/www.nildakaroglu.com\/en\/wp-json\/wp\/v2\/pages"}],"about":[{"href":"https:\/\/www.nildakaroglu.com\/en\/wp-json\/wp\/v2\/types\/page"}],"author":[{"embeddable":true,"href":"https:\/\/www.nildakaroglu.com\/en\/wp-json\/wp\/v2\/users\/1"}],"replies":[{"embeddable":true,"href":"https:\/\/www.nildakaroglu.com\/en\/wp-json\/wp\/v2\/comments?post=3"}],"version-history":[{"count":2,"href":"https:\/\/www.nildakaroglu.com\/en\/wp-json\/wp\/v2\/pages\/3\/revisions"}],"predecessor-version":[{"id":161,"href":"https:\/\/www.nildakaroglu.com\/en\/wp-json\/wp\/v2\/pages\/3\/revisions\/161"}],"wp:attachment":[{"href":"https:\/\/www.nildakaroglu.com\/en\/wp-json\/wp\/v2\/media?parent=3"}],"curies":[{"name":"wp","href":"https:\/\/api.w.org\/{rel}","templated":true}]}}